{"id":564,"date":"2018-11-27T09:17:28","date_gmt":"2018-11-27T08:17:28","guid":{"rendered":"https:\/\/www.fortuna-siegsdorf.de\/?page_id=564"},"modified":"2024-06-04T15:22:19","modified_gmt":"2024-06-04T13:22:19","slug":"gewehrschiessen","status":"publish","type":"page","link":"https:\/\/www.fortuna-siegsdorf.de\/?page_id=564","title":{"rendered":"Gewehrschiessen"},"content":{"rendered":"\t\t<div data-elementor-type=\"wp-post\" data-elementor-id=\"564\" class=\"elementor elementor-564\">\n\t\t\t\t\t\t<section class=\"elementor-section elementor-top-section elementor-element elementor-element-33a79095 elementor-section-boxed elementor-section-height-default elementor-section-height-default\" data-id=\"33a79095\" data-element_type=\"section\" data-e-type=\"section\" data-settings=\"{&quot;background_background&quot;:&quot;classic&quot;}\">\n\t\t\t\t\t\t\t<div class=\"elementor-background-overlay\"><\/div>\n\t\t\t\t\t\t\t<div class=\"elementor-container elementor-column-gap-default\">\n\t\t\t\t\t<div class=\"elementor-column elementor-col-100 elementor-top-column elementor-element elementor-element-3706530d\" data-id=\"3706530d\" data-element_type=\"column\" data-e-type=\"column\">\n\t\t\t<div class=\"elementor-widget-wrap elementor-element-populated\">\n\t\t\t\t\t\t<div class=\"elementor-element elementor-element-537de1f elementor-widget elementor-widget-heading\" data-id=\"537de1f\" data-element_type=\"widget\" data-e-type=\"widget\" data-widget_type=\"heading.default\">\n\t\t\t\t<div class=\"elementor-widget-container\">\n\t\t\t\t\t<h1 class=\"elementor-heading-title elementor-size-default\">Gewehrschie\u00dfen<\/h1>\t\t\t\t<\/div>\n\t\t\t\t<\/div>\n\t\t\t\t\t<\/div>\n\t\t<\/div>\n\t\t\t\t\t<\/div>\n\t\t<\/section>\n\t\t\t\t<section class=\"elementor-section elementor-top-section elementor-element elementor-element-e1c47c3 elementor-section-boxed elementor-section-height-default elementor-section-height-default\" data-id=\"e1c47c3\" data-element_type=\"section\" data-e-type=\"section\">\n\t\t\t\t\t\t<div class=\"elementor-container elementor-column-gap-default\">\n\t\t\t\t\t<div class=\"elementor-column elementor-col-50 elementor-top-column elementor-element elementor-element-67f5e73\" data-id=\"67f5e73\" data-element_type=\"column\" data-e-type=\"column\">\n\t\t\t<div class=\"elementor-widget-wrap elementor-element-populated\">\n\t\t\t\t\t\t<div class=\"elementor-element elementor-element-68ec99e elementor-widget elementor-widget-text-editor\" data-id=\"68ec99e\" data-element_type=\"widget\" data-e-type=\"widget\" data-widget_type=\"text-editor.default\">\n\t\t\t\t<div class=\"elementor-widget-container\">\n\t\t\t\t\t\t\t\t\t<p>Beim Luftgewehrschie\u00dfen handelt es sich um eine olympische Sportart, bei der man mit einem Luftgewehr auf eine Scheibe die sich in einer Entfernung von 10 Metern befindet, schie\u00dft.<\/p><p>Mithilfe von Diopter und Korntunnel zielt der Sch\u00fctze und durch Dr\u00fccken des Abzuges l\u00f6st er den Schuss aus. Es bedarf eines gro\u00dfen Konzentrationsverm\u00f6gens sowie einer ruhigen Hand um das Ziel genau zu treffen.<\/p><p>Unser Stand ist mit einer modernen\u00a0<span style=\"background-color: var(--ast-global-color-4); color: var(--ast-global-color-3); font-size: 1rem;\">vollelektronischen Schie\u00dfanlage mit Auswerteelektronik und Lichtgewehrst\u00e4nden ausgestattet. Beim Lichtgewehrschie\u00dfen wird ein ungef\u00e4hrlicher Lichtstrahl der Laserklasse 1 ausgesendet, der den realen Schuss perfekt simuliert.<\/span><\/p><p>Durch unsere Lichtgewehre ist es allen Interessierten ab 8 Jahren m\u00f6glich bei uns im Verein zu schie\u00dfen.\u00a0<\/p>\t\t\t\t\t\t\t\t<\/div>\n\t\t\t\t<\/div>\n\t\t\t\t\t<\/div>\n\t\t<\/div>\n\t\t\t\t<div class=\"elementor-column elementor-col-50 elementor-top-column elementor-element elementor-element-4b50c7b\" data-id=\"4b50c7b\" data-element_type=\"column\" data-e-type=\"column\">\n\t\t\t<div class=\"elementor-widget-wrap elementor-element-populated\">\n\t\t\t\t\t\t<div class=\"elementor-element elementor-element-7176aa6 elementor-widget elementor-widget-image\" data-id=\"7176aa6\" data-element_type=\"widget\" data-e-type=\"widget\" data-widget_type=\"image.default\">\n\t\t\t\t<div class=\"elementor-widget-container\">\n\t\t\t\t\t\t\t\t\t\t\t\t\t\t\t<img fetchpriority=\"high\" decoding=\"async\" width=\"1024\" height=\"495\" src=\"https:\/\/www.fortuna-siegsdorf.de\/wp-content\/uploads\/2023\/05\/71086295_2373956032652760_5445574169716588544_n-1024x495.jpg\" class=\"attachment-large size-large wp-image-710\" alt=\"\" srcset=\"https:\/\/www.fortuna-siegsdorf.de\/wp-content\/uploads\/2023\/05\/71086295_2373956032652760_5445574169716588544_n-1024x495.jpg 1024w, https:\/\/www.fortuna-siegsdorf.de\/wp-content\/uploads\/2023\/05\/71086295_2373956032652760_5445574169716588544_n-300x145.jpg 300w, https:\/\/www.fortuna-siegsdorf.de\/wp-content\/uploads\/2023\/05\/71086295_2373956032652760_5445574169716588544_n-768x371.jpg 768w, https:\/\/www.fortuna-siegsdorf.de\/wp-content\/uploads\/2023\/05\/71086295_2373956032652760_5445574169716588544_n-1536x743.jpg 1536w, https:\/\/www.fortuna-siegsdorf.de\/wp-content\/uploads\/2023\/05\/71086295_2373956032652760_5445574169716588544_n.jpg 1979w\" sizes=\"(max-width: 1024px) 100vw, 1024px\" \/>\t\t\t\t\t\t\t\t\t\t\t\t\t\t\t<\/div>\n\t\t\t\t<\/div>\n\t\t\t\t<div class=\"elementor-element elementor-element-539df8f elementor-widget elementor-widget-image\" data-id=\"539df8f\" data-element_type=\"widget\" data-e-type=\"widget\" data-widget_type=\"image.default\">\n\t\t\t\t<div class=\"elementor-widget-container\">\n\t\t\t\t\t\t\t\t\t\t\t\t\t\t\t<img decoding=\"async\" width=\"600\" height=\"321\" data-src=\"https:\/\/www.fortuna-siegsdorf.de\/wp-content\/uploads\/2023\/08\/DSC_6652-1.jpg\" class=\"attachment-medium_large size-medium_large wp-image-856 lazyload\" alt=\"\" data-srcset=\"https:\/\/www.fortuna-siegsdorf.de\/wp-content\/uploads\/2023\/08\/DSC_6652-1.jpg 600w, https:\/\/www.fortuna-siegsdorf.de\/wp-content\/uploads\/2023\/08\/DSC_6652-1-300x161.jpg 300w\" data-sizes=\"(max-width: 600px) 100vw, 600px\" src=\"data:image\/svg+xml;base64,PHN2ZyB3aWR0aD0iMSIgaGVpZ2h0PSIxIiB4bWxucz0iaHR0cDovL3d3dy53My5vcmcvMjAwMC9zdmciPjwvc3ZnPg==\" style=\"--smush-placeholder-width: 600px; --smush-placeholder-aspect-ratio: 600\/321;\" \/>\t\t\t\t\t\t\t\t\t\t\t\t\t\t\t<\/div>\n\t\t\t\t<\/div>\n\t\t\t\t\t<\/div>\n\t\t<\/div>\n\t\t\t\t\t<\/div>\n\t\t<\/section>\n\t\t\t\t<section class=\"elementor-section elementor-top-section elementor-element elementor-element-5999602 elementor-section-boxed elementor-section-height-default elementor-section-height-default\" data-id=\"5999602\" data-element_type=\"section\" data-e-type=\"section\" data-settings=\"{&quot;background_background&quot;:&quot;classic&quot;}\">\n\t\t\t\t\t\t<div class=\"elementor-container elementor-column-gap-default\">\n\t\t\t\t\t<div class=\"elementor-column elementor-col-100 elementor-top-column elementor-element elementor-element-991a6c0\" data-id=\"991a6c0\" data-element_type=\"column\" data-e-type=\"column\">\n\t\t\t<div class=\"elementor-widget-wrap elementor-element-populated\">\n\t\t\t\t\t\t<div class=\"elementor-element elementor-element-9371562 elementor-widget elementor-widget-heading\" data-id=\"9371562\" data-element_type=\"widget\" data-e-type=\"widget\" data-widget_type=\"heading.default\">\n\t\t\t\t<div class=\"elementor-widget-container\">\n\t\t\t\t\t<h2 class=\"elementor-heading-title elementor-size-default\"><span style=\"color: var(--ast-global-color-2);font-size: 2rem;background-color: var( --e-global-color-astglobalcolor4 )\">TRAININGS- UND SCHIESSZEITEn<\/span><\/h2>\t\t\t\t<\/div>\n\t\t\t\t<\/div>\n\t\t\t\t<div class=\"elementor-element elementor-element-a14414a elementor-widget-divider--view-line elementor-widget elementor-widget-divider\" data-id=\"a14414a\" data-element_type=\"widget\" data-e-type=\"widget\" data-widget_type=\"divider.default\">\n\t\t\t\t<div class=\"elementor-widget-container\">\n\t\t\t\t\t\t\t<div class=\"elementor-divider\">\n\t\t\t<span class=\"elementor-divider-separator\">\n\t\t\t\t\t\t<\/span>\n\t\t<\/div>\n\t\t\t\t\t\t<\/div>\n\t\t\t\t<\/div>\n\t\t\t\t<div class=\"elementor-element elementor-element-c1349f0 elementor-icon-list--layout-traditional elementor-list-item-link-full_width elementor-widget elementor-widget-icon-list\" data-id=\"c1349f0\" data-element_type=\"widget\" data-e-type=\"widget\" data-widget_type=\"icon-list.default\">\n\t\t\t\t<div class=\"elementor-widget-container\">\n\t\t\t\t\t\t\t<ul class=\"elementor-icon-list-items\">\n\t\t\t\t\t\t\t<li class=\"elementor-icon-list-item\">\n\t\t\t\t\t\t\t\t\t\t\t<span class=\"elementor-icon-list-icon\">\n\t\t\t\t\t\t\t<i aria-hidden=\"true\" class=\"far fa-dot-circle\"><\/i>\t\t\t\t\t\t<\/span>\n\t\t\t\t\t\t\t\t\t\t<span class=\"elementor-icon-list-text\">Jugendtraining: Mittwochs 18.00 Uhr - 19.30 Uhr au\u00dfer in den Schulferien<\/span>\n\t\t\t\t\t\t\t\t\t<\/li>\n\t\t\t\t\t\t\t\t<li class=\"elementor-icon-list-item\">\n\t\t\t\t\t\t\t\t\t\t\t<span class=\"elementor-icon-list-icon\">\n\t\t\t\t\t\t\t<i aria-hidden=\"true\" class=\"far fa-dot-circle\"><\/i>\t\t\t\t\t\t<\/span>\n\t\t\t\t\t\t\t\t\t\t<span class=\"elementor-icon-list-text\">Erwachsenen-Vortel: Freitags 19.00 Uhr<\/span>\n\t\t\t\t\t\t\t\t\t<\/li>\n\t\t\t\t\t\t<\/ul>\n\t\t\t\t\t\t<\/div>\n\t\t\t\t<\/div>\n\t\t\t\t\t<\/div>\n\t\t<\/div>\n\t\t\t\t\t<\/div>\n\t\t<\/section>\n\t\t\t\t<\/div>\n\t\t","protected":false},"excerpt":{"rendered":"<p>Gewehrschie\u00dfen Beim Luftgewehrschie\u00dfen handelt es sich um eine olympische Sportart, bei der man mit einem Luftgewehr auf eine Scheibe die sich in einer Entfernung von 10 Metern befindet, schie\u00dft. Mithilfe von Diopter und Korntunnel zielt der Sch\u00fctze und durch Dr\u00fccken des Abzuges l\u00f6st er den Schuss aus. Es bedarf eines gro\u00dfen Konzentrationsverm\u00f6gens sowie einer ruhigen [&hellip;]<\/p>\n","protected":false},"author":1,"featured_media":0,"parent":0,"menu_order":0,"comment_status":"closed","ping_status":"closed","template":"","meta":{"_uag_custom_page_level_css":"","site-sidebar-layout":"no-sidebar","site-content-layout":"page-builder","ast-site-content-layout":"default","site-content-style":"default","site-sidebar-style":"default","ast-global-header-display":"","ast-banner-title-visibility":"","ast-main-header-display":"","ast-hfb-above-header-display":"","ast-hfb-below-header-display":"","ast-hfb-mobile-header-display":"","site-post-title":"disabled","ast-breadcrumbs-content":"","ast-featured-img":"disabled","footer-sml-layout":"","ast-disable-related-posts":"","theme-transparent-header-meta":"enabled","adv-header-id-meta":"","stick-header-meta":"","header-above-stick-meta":"","header-main-stick-meta":"","header-below-stick-meta":"","astra-migrate-meta-layouts":"default","ast-page-background-enabled":"default","ast-page-background-meta":{"desktop":{"background-color":"","background-image":"","background-repeat":"repeat","background-position":"center center","background-size":"auto","background-attachment":"scroll","background-type":"","background-media":"","overlay-type":"","overlay-color":"","overlay-opacity":"","overlay-gradient":""},"tablet":{"background-color":"","background-image":"","background-repeat":"repeat","background-position":"center center","background-size":"auto","background-attachment":"scroll","background-type":"","background-media":"","overlay-type":"","overlay-color":"","overlay-opacity":"","overlay-gradient":""},"mobile":{"background-color":"","background-image":"","background-repeat":"repeat","background-position":"center center","background-size":"auto","background-attachment":"scroll","background-type":"","background-media":"","overlay-type":"","overlay-color":"","overlay-opacity":"","overlay-gradient":""}},"ast-content-background-meta":{"desktop":{"background-color":"var(--ast-global-color-5)","background-image":"","background-repeat":"repeat","background-position":"center center","background-size":"auto","background-attachment":"scroll","background-type":"","background-media":"","overlay-type":"","overlay-color":"","overlay-opacity":"","overlay-gradient":""},"tablet":{"background-color":"var(--ast-global-color-5)","background-image":"","background-repeat":"repeat","background-position":"center center","background-size":"auto","background-attachment":"scroll","background-type":"","background-media":"","overlay-type":"","overlay-color":"","overlay-opacity":"","overlay-gradient":""},"mobile":{"background-color":"var(--ast-global-color-5)","background-image":"","background-repeat":"repeat","background-position":"center center","background-size":"auto","background-attachment":"scroll","background-type":"","background-media":"","overlay-type":"","overlay-color":"","overlay-opacity":"","overlay-gradient":""}},"footnotes":""},"class_list":["post-564","page","type-page","status-publish","hentry"],"yoast_head":"<!-- This site is optimized with the Yoast SEO plugin v27.5 - https:\/\/yoast.com\/product\/yoast-seo-wordpress\/ -->\n<title>Gewehrschiessen - SG Fortuna Siegsdorf e.V.<\/title>\n<meta name=\"robots\" content=\"index, follow, max-snippet:-1, max-image-preview:large, max-video-preview:-1\" \/>\n<link rel=\"canonical\" href=\"https:\/\/www.fortuna-siegsdorf.de\/?page_id=564\" \/>\n<meta property=\"og:locale\" content=\"de_DE\" \/>\n<meta property=\"og:type\" content=\"article\" \/>\n<meta property=\"og:title\" content=\"Gewehrschiessen - SG Fortuna Siegsdorf e.V.\" \/>\n<meta property=\"og:description\" content=\"Gewehrschie\u00dfen Beim Luftgewehrschie\u00dfen handelt es sich um eine olympische Sportart, bei der man mit einem Luftgewehr auf eine Scheibe die sich in einer Entfernung von 10 Metern befindet, schie\u00dft. Mithilfe von Diopter und Korntunnel zielt der Sch\u00fctze und durch Dr\u00fccken des Abzuges l\u00f6st er den Schuss aus. Es bedarf eines gro\u00dfen Konzentrationsverm\u00f6gens sowie einer ruhigen [&hellip;]\" \/>\n<meta property=\"og:url\" content=\"https:\/\/www.fortuna-siegsdorf.de\/?page_id=564\" \/>\n<meta property=\"og:site_name\" content=\"SG Fortuna Siegsdorf e.V.\" \/>\n<meta property=\"article:publisher\" content=\"https:\/\/www.facebook.com\/fortunasiegsdorf\/\" \/>\n<meta property=\"article:modified_time\" content=\"2024-06-04T13:22:19+00:00\" \/>\n<meta property=\"og:image\" content=\"http:\/\/www.fortuna-siegsdorf.de\/wp-content\/uploads\/2023\/05\/71086295_2373956032652760_5445574169716588544_n-1024x495.jpg\" \/>\n<meta name=\"twitter:card\" content=\"summary_large_image\" \/>\n<meta name=\"twitter:label1\" content=\"Gesch\u00e4tzte Lesezeit\" \/>\n\t<meta name=\"twitter:data1\" content=\"2\u00a0Minuten\" \/>\n<script type=\"application\/ld+json\" class=\"yoast-schema-graph\">{\"@context\":\"https:\\\/\\\/schema.org\",\"@graph\":[{\"@type\":\"WebPage\",\"@id\":\"https:\\\/\\\/www.fortuna-siegsdorf.de\\\/?page_id=564\",\"url\":\"https:\\\/\\\/www.fortuna-siegsdorf.de\\\/?page_id=564\",\"name\":\"Gewehrschiessen - SG Fortuna Siegsdorf e.V.\",\"isPartOf\":{\"@id\":\"https:\\\/\\\/www.fortuna-siegsdorf.de\\\/#website\"},\"primaryImageOfPage\":{\"@id\":\"https:\\\/\\\/www.fortuna-siegsdorf.de\\\/?page_id=564#primaryimage\"},\"image\":{\"@id\":\"https:\\\/\\\/www.fortuna-siegsdorf.de\\\/?page_id=564#primaryimage\"},\"thumbnailUrl\":\"http:\\\/\\\/www.fortuna-siegsdorf.de\\\/wp-content\\\/uploads\\\/2023\\\/05\\\/71086295_2373956032652760_5445574169716588544_n-1024x495.jpg\",\"datePublished\":\"2018-11-27T08:17:28+00:00\",\"dateModified\":\"2024-06-04T13:22:19+00:00\",\"breadcrumb\":{\"@id\":\"https:\\\/\\\/www.fortuna-siegsdorf.de\\\/?page_id=564#breadcrumb\"},\"inLanguage\":\"de\",\"potentialAction\":[{\"@type\":\"ReadAction\",\"target\":[\"https:\\\/\\\/www.fortuna-siegsdorf.de\\\/?page_id=564\"]}]},{\"@type\":\"ImageObject\",\"inLanguage\":\"de\",\"@id\":\"https:\\\/\\\/www.fortuna-siegsdorf.de\\\/?page_id=564#primaryimage\",\"url\":\"https:\\\/\\\/www.fortuna-siegsdorf.de\\\/wp-content\\\/uploads\\\/2023\\\/05\\\/71086295_2373956032652760_5445574169716588544_n.jpg\",\"contentUrl\":\"https:\\\/\\\/www.fortuna-siegsdorf.de\\\/wp-content\\\/uploads\\\/2023\\\/05\\\/71086295_2373956032652760_5445574169716588544_n.jpg\",\"width\":1979,\"height\":957},{\"@type\":\"BreadcrumbList\",\"@id\":\"https:\\\/\\\/www.fortuna-siegsdorf.de\\\/?page_id=564#breadcrumb\",\"itemListElement\":[{\"@type\":\"ListItem\",\"position\":1,\"name\":\"Startseite\",\"item\":\"https:\\\/\\\/www.fortuna-siegsdorf.de\\\/\"},{\"@type\":\"ListItem\",\"position\":2,\"name\":\"Gewehrschiessen\"}]},{\"@type\":\"WebSite\",\"@id\":\"https:\\\/\\\/www.fortuna-siegsdorf.de\\\/#website\",\"url\":\"https:\\\/\\\/www.fortuna-siegsdorf.de\\\/\",\"name\":\"SG Fortuna Siegsdorf e.V.\",\"description\":\"SG Fortuna Siegsdorf e.V.\",\"publisher\":{\"@id\":\"https:\\\/\\\/www.fortuna-siegsdorf.de\\\/#organization\"},\"potentialAction\":[{\"@type\":\"SearchAction\",\"target\":{\"@type\":\"EntryPoint\",\"urlTemplate\":\"https:\\\/\\\/www.fortuna-siegsdorf.de\\\/?s={search_term_string}\"},\"query-input\":{\"@type\":\"PropertyValueSpecification\",\"valueRequired\":true,\"valueName\":\"search_term_string\"}}],\"inLanguage\":\"de\"},{\"@type\":\"Organization\",\"@id\":\"https:\\\/\\\/www.fortuna-siegsdorf.de\\\/#organization\",\"name\":\"SG Fortuna Siegsdorf e.V.\",\"url\":\"https:\\\/\\\/www.fortuna-siegsdorf.de\\\/\",\"logo\":{\"@type\":\"ImageObject\",\"inLanguage\":\"de\",\"@id\":\"https:\\\/\\\/www.fortuna-siegsdorf.de\\\/#\\\/schema\\\/logo\\\/image\\\/\",\"url\":\"https:\\\/\\\/www.fortuna-siegsdorf.de\\\/wp-content\\\/uploads\\\/2023\\\/05\\\/Logo_Fortuna_Farbe_kein_Hintergrund.png\",\"contentUrl\":\"https:\\\/\\\/www.fortuna-siegsdorf.de\\\/wp-content\\\/uploads\\\/2023\\\/05\\\/Logo_Fortuna_Farbe_kein_Hintergrund.png\",\"width\":130,\"height\":140,\"caption\":\"SG Fortuna Siegsdorf e.V.\"},\"image\":{\"@id\":\"https:\\\/\\\/www.fortuna-siegsdorf.de\\\/#\\\/schema\\\/logo\\\/image\\\/\"},\"sameAs\":[\"https:\\\/\\\/www.facebook.com\\\/fortunasiegsdorf\\\/\",\"https:\\\/\\\/www.instagram.com\\\/fortunasiegsdorf\"]}]}<\/script>\n<!-- \/ Yoast SEO plugin. -->","yoast_head_json":{"title":"Gewehrschiessen - SG Fortuna Siegsdorf e.V.","robots":{"index":"index","follow":"follow","max-snippet":"max-snippet:-1","max-image-preview":"max-image-preview:large","max-video-preview":"max-video-preview:-1"},"canonical":"https:\/\/www.fortuna-siegsdorf.de\/?page_id=564","og_locale":"de_DE","og_type":"article","og_title":"Gewehrschiessen - SG Fortuna Siegsdorf e.V.","og_description":"Gewehrschie\u00dfen Beim Luftgewehrschie\u00dfen handelt es sich um eine olympische Sportart, bei der man mit einem Luftgewehr auf eine Scheibe die sich in einer Entfernung von 10 Metern befindet, schie\u00dft. Mithilfe von Diopter und Korntunnel zielt der Sch\u00fctze und durch Dr\u00fccken des Abzuges l\u00f6st er den Schuss aus. Es bedarf eines gro\u00dfen Konzentrationsverm\u00f6gens sowie einer ruhigen [&hellip;]","og_url":"https:\/\/www.fortuna-siegsdorf.de\/?page_id=564","og_site_name":"SG Fortuna Siegsdorf e.V.","article_publisher":"https:\/\/www.facebook.com\/fortunasiegsdorf\/","article_modified_time":"2024-06-04T13:22:19+00:00","og_image":[{"url":"http:\/\/www.fortuna-siegsdorf.de\/wp-content\/uploads\/2023\/05\/71086295_2373956032652760_5445574169716588544_n-1024x495.jpg","type":"","width":"","height":""}],"twitter_card":"summary_large_image","twitter_misc":{"Gesch\u00e4tzte Lesezeit":"2\u00a0Minuten"},"schema":{"@context":"https:\/\/schema.org","@graph":[{"@type":"WebPage","@id":"https:\/\/www.fortuna-siegsdorf.de\/?page_id=564","url":"https:\/\/www.fortuna-siegsdorf.de\/?page_id=564","name":"Gewehrschiessen - SG Fortuna Siegsdorf e.V.","isPartOf":{"@id":"https:\/\/www.fortuna-siegsdorf.de\/#website"},"primaryImageOfPage":{"@id":"https:\/\/www.fortuna-siegsdorf.de\/?page_id=564#primaryimage"},"image":{"@id":"https:\/\/www.fortuna-siegsdorf.de\/?page_id=564#primaryimage"},"thumbnailUrl":"http:\/\/www.fortuna-siegsdorf.de\/wp-content\/uploads\/2023\/05\/71086295_2373956032652760_5445574169716588544_n-1024x495.jpg","datePublished":"2018-11-27T08:17:28+00:00","dateModified":"2024-06-04T13:22:19+00:00","breadcrumb":{"@id":"https:\/\/www.fortuna-siegsdorf.de\/?page_id=564#breadcrumb"},"inLanguage":"de","potentialAction":[{"@type":"ReadAction","target":["https:\/\/www.fortuna-siegsdorf.de\/?page_id=564"]}]},{"@type":"ImageObject","inLanguage":"de","@id":"https:\/\/www.fortuna-siegsdorf.de\/?page_id=564#primaryimage","url":"https:\/\/www.fortuna-siegsdorf.de\/wp-content\/uploads\/2023\/05\/71086295_2373956032652760_5445574169716588544_n.jpg","contentUrl":"https:\/\/www.fortuna-siegsdorf.de\/wp-content\/uploads\/2023\/05\/71086295_2373956032652760_5445574169716588544_n.jpg","width":1979,"height":957},{"@type":"BreadcrumbList","@id":"https:\/\/www.fortuna-siegsdorf.de\/?page_id=564#breadcrumb","itemListElement":[{"@type":"ListItem","position":1,"name":"Startseite","item":"https:\/\/www.fortuna-siegsdorf.de\/"},{"@type":"ListItem","position":2,"name":"Gewehrschiessen"}]},{"@type":"WebSite","@id":"https:\/\/www.fortuna-siegsdorf.de\/#website","url":"https:\/\/www.fortuna-siegsdorf.de\/","name":"SG Fortuna Siegsdorf e.V.","description":"SG Fortuna Siegsdorf e.V.","publisher":{"@id":"https:\/\/www.fortuna-siegsdorf.de\/#organization"},"potentialAction":[{"@type":"SearchAction","target":{"@type":"EntryPoint","urlTemplate":"https:\/\/www.fortuna-siegsdorf.de\/?s={search_term_string}"},"query-input":{"@type":"PropertyValueSpecification","valueRequired":true,"valueName":"search_term_string"}}],"inLanguage":"de"},{"@type":"Organization","@id":"https:\/\/www.fortuna-siegsdorf.de\/#organization","name":"SG Fortuna Siegsdorf e.V.","url":"https:\/\/www.fortuna-siegsdorf.de\/","logo":{"@type":"ImageObject","inLanguage":"de","@id":"https:\/\/www.fortuna-siegsdorf.de\/#\/schema\/logo\/image\/","url":"https:\/\/www.fortuna-siegsdorf.de\/wp-content\/uploads\/2023\/05\/Logo_Fortuna_Farbe_kein_Hintergrund.png","contentUrl":"https:\/\/www.fortuna-siegsdorf.de\/wp-content\/uploads\/2023\/05\/Logo_Fortuna_Farbe_kein_Hintergrund.png","width":130,"height":140,"caption":"SG Fortuna Siegsdorf e.V."},"image":{"@id":"https:\/\/www.fortuna-siegsdorf.de\/#\/schema\/logo\/image\/"},"sameAs":["https:\/\/www.facebook.com\/fortunasiegsdorf\/","https:\/\/www.instagram.com\/fortunasiegsdorf"]}]}},"uagb_featured_image_src":{"full":false,"thumbnail":false,"medium":false,"medium_large":false,"large":false,"1536x1536":false,"2048x2048":false},"uagb_author_info":{"display_name":"webadmin_fortuna","author_link":"https:\/\/www.fortuna-siegsdorf.de\/?author=1"},"uagb_comment_info":0,"uagb_excerpt":"Gewehrschie\u00dfen Beim Luftgewehrschie\u00dfen handelt es sich um eine olympische Sportart, bei der man mit einem Luftgewehr auf eine Scheibe die sich in einer Entfernung von 10 Metern befindet, schie\u00dft. Mithilfe von Diopter und Korntunnel zielt der Sch\u00fctze und durch Dr\u00fccken des Abzuges l\u00f6st er den Schuss aus. Es bedarf eines gro\u00dfen Konzentrationsverm\u00f6gens sowie einer ruhigen&hellip;","_links":{"self":[{"href":"https:\/\/www.fortuna-siegsdorf.de\/index.php?rest_route=\/wp\/v2\/pages\/564","targetHints":{"allow":["GET"]}}],"collection":[{"href":"https:\/\/www.fortuna-siegsdorf.de\/index.php?rest_route=\/wp\/v2\/pages"}],"about":[{"href":"https:\/\/www.fortuna-siegsdorf.de\/index.php?rest_route=\/wp\/v2\/types\/page"}],"author":[{"embeddable":true,"href":"https:\/\/www.fortuna-siegsdorf.de\/index.php?rest_route=\/wp\/v2\/users\/1"}],"replies":[{"embeddable":true,"href":"https:\/\/www.fortuna-siegsdorf.de\/index.php?rest_route=%2Fwp%2Fv2%2Fcomments&post=564"}],"version-history":[{"count":32,"href":"https:\/\/www.fortuna-siegsdorf.de\/index.php?rest_route=\/wp\/v2\/pages\/564\/revisions"}],"predecessor-version":[{"id":864,"href":"https:\/\/www.fortuna-siegsdorf.de\/index.php?rest_route=\/wp\/v2\/pages\/564\/revisions\/864"}],"wp:attachment":[{"href":"https:\/\/www.fortuna-siegsdorf.de\/index.php?rest_route=%2Fwp%2Fv2%2Fmedia&parent=564"}],"curies":[{"name":"wp","href":"https:\/\/api.w.org\/{rel}","templated":true}]}}